{"id":20419,"date":"2025-09-19T10:26:19","date_gmt":"2025-09-19T08:26:19","guid":{"rendered":"https:\/\/gifticbeograd.com\/proizvod\/poklon-ivkova-slava\/"},"modified":"2025-11-08T12:57:50","modified_gmt":"2025-11-08T11:57:50","slug":"gift-ivkova-slava","status":"publish","type":"product","link":"https:\/\/gifticbeograd.com\/en\/product\/gift-ivkova-slava\/","title":{"rendered":"Gift Ivkova slava"},"content":{"rendered":"","protected":false},"excerpt":{"rendered":"<p><b>THE GIFT IS AVAILABLE IMMEDIATELY!<\/b><\/p>\n<p>Ivkova Slava is made for truly joyful guests those who love to stay late into the night.<\/p>\n<p>For the ones who\u2019ve never heard the saying \u201cThree days is enough for every guest,\u201d who cherish every gathering, and see Slava as a chance to reconnect and share all the stories that have happened since the last celebration.<\/p>\n<p>Gone are the days of \u017ddrep\u010deva krv and Medve\u0111a krv wines with generic greetings gift your hosts something truly meaningful, a present made for every member of the family.<\/p>\n<p><span style=\"font-weight: 400;\">This gift set includes:<\/span><\/p>\n<ul>\n<li>Red wine Nostalgia 0.2l<\/li>\n<li>Homemade coffee 200g<\/li>\n<li>Seasoning for mulled wine 30g<\/li>\n<li>Premier Archangel chocolate 80g<\/li>\n<li>Cinnamon stick<\/li>\n<li>Cardboard luxury box with handle*<\/li>\n<\/ul>\n<p>*\u00a0Box can be branded using foil stamping upon request<\/p>\n<p><strong>Note<\/strong>: Foil printing changes the listed price of the gift<\/p>\n","protected":false},"featured_media":20201,"template":"","meta":[],"product_brand":[],"product_cat":[128],"product_tag":[],"class_list":{"0":"post-20419","1":"product","2":"type-product","3":"status-publish","4":"has-post-thumbnail","6":"product_cat-gifts-for-slava-serbian-orthodox-celebration","8":"first","9":"instock","10":"shipping-taxable","11":"purchasable","12":"product-type-simple"},"_links":{"self":[{"href":"https:\/\/gifticbeograd.com\/en\/wp-json\/wp\/v2\/product\/20419","targetHints":{"allow":["GET"]}}],"collection":[{"href":"https:\/\/gifticbeograd.com\/en\/wp-json\/wp\/v2\/product"}],"about":[{"href":"https:\/\/gifticbeograd.com\/en\/wp-json\/wp\/v2\/types\/product"}],"version-history":[{"count":4,"href":"https:\/\/gifticbeograd.com\/en\/wp-json\/wp\/v2\/product\/20419\/revisions"}],"predecessor-version":[{"id":20615,"href":"https:\/\/gifticbeograd.com\/en\/wp-json\/wp\/v2\/product\/20419\/revisions\/20615"}],"wp:featuredmedia":[{"embeddable":true,"href":"https:\/\/gifticbeograd.com\/en\/wp-json\/wp\/v2\/media\/20201"}],"wp:attachment":[{"href":"https:\/\/gifticbeograd.com\/en\/wp-json\/wp\/v2\/media?parent=20419"}],"wp:term":[{"taxonomy":"product_brand","embeddable":true,"href":"https:\/\/gifticbeograd.com\/en\/wp-json\/wp\/v2\/product_brand?post=20419"},{"taxonomy":"product_cat","embeddable":true,"href":"https:\/\/gifticbeograd.com\/en\/wp-json\/wp\/v2\/product_cat?post=20419"},{"taxonomy":"product_tag","embeddable":true,"href":"https:\/\/gifticbeograd.com\/en\/wp-json\/wp\/v2\/product_tag?post=20419"}],"curies":[{"name":"wp","href":"https:\/\/api.w.org\/{rel}","templated":true}]}}